{"id":7,"date":"2022-09-23T09:27:43","date_gmt":"2022-09-23T09:27:43","guid":{"rendered":"http:\/\/kreditservices-nord.de\/?page_id=7"},"modified":"2025-10-02T15:48:33","modified_gmt":"2025-10-02T13:48:33","slug":"datenschutzerklaerung","status":"publish","type":"page","link":"https:\/\/kreditservices-nord.de\/kreditservices-nord-gmbh\/datenschutzerklaerung\/","title":{"rendered":"Datenschutzhinweis"},"content":{"rendered":"\t\t<div data-elementor-type=\"wp-page\" data-elementor-id=\"7\" class=\"elementor elementor-7\">\n\t\t\t\t\t\t<section class=\"elementor-section elementor-top-section elementor-element elementor-element-108aa48e elementor-section-boxed elementor-section-height-default elementor-section-height-default\" data-id=\"108aa48e\" data-element_type=\"section\" data-e-type=\"section\">\n\t\t\t\t\t\t<div class=\"elementor-container elementor-column-gap-default\">\n\t\t\t\t\t<div class=\"elementor-column elementor-col-100 elementor-top-column elementor-element elementor-element-1bd1b8b\" data-id=\"1bd1b8b\" data-element_type=\"column\" data-e-type=\"column\">\n\t\t\t<div class=\"elementor-widget-wrap elementor-element-populated\">\n\t\t\t\t\t\t<div class=\"elementor-element elementor-element-3b3c2b2b elementor-widget elementor-widget-text-editor\" data-id=\"3b3c2b2b\" data-element_type=\"widget\" data-e-type=\"widget\" data-widget_type=\"text-editor.default\">\n\t\t\t\t<div class=\"elementor-widget-container\">\n\t\t\t\t\t\t\t\t\t<p><span style=\"color: #0f0f16; font-size: 1.875rem; font-weight: 600; font-family: var( --e-global-typography-text-font-family ), Sans-serif; text-align: var(--bs-body-text-align);\">Datenschutzhinweis<\/span><\/p>\n<p><!-- \/wp:heading --><\/p>\n<p><!-- wp:paragraph --><\/p>\n<p>Wir freuen uns \u00fcber Ihr Interesse an der KreditServices Nord GmbH. Der Schutz Ihrer Privatsph\u00e4re ist uns ein wichtiges Anliegen. Im Folgenden informieren wir Sie \u00fcber den Umgang mit Ihren Daten auf dieser Website sowie \u00fcber grunds\u00e4tzliche Erkl\u00e4rungen zur Verarbeitung personenbezogener Daten.<\/p>\n<p><!-- \/wp:paragraph --><\/p>\n<p><!-- wp:paragraph --><\/p>\n<p>Um eventuellen Missbrauch der Website aufzudecken und zu unterbinden, speichert unser Web-Server standardm\u00e4\u00dfig die IP-Adresse Ihres Providers ungek\u00fcrzt f\u00fcr sieben Tage. Danach werden die IP-Adressen automatisch gel\u00f6scht.<\/p>\n<p><!-- \/wp:paragraph --><\/p>\n<p><!-- wp:paragraph --><\/p>\n<p>Bei dem Aufruf der Website wird ein technisch notwendiges Cookie f\u00fcr die Web-Session (PHPSESSID) gespeichert, welches bei Beendigung der Browsersitzung automatisch gel\u00f6scht wird.<\/p>\n<p><!-- \/wp:paragraph --><\/p>\n<p><!-- wp:heading --><\/p>\n<h2>Namen und Kontaktdaten des Verantwortlichen und des Datenschutzbeauftragten<\/h2>\n<p><!-- \/wp:heading --><\/p>\n<p><!-- wp:paragraph --><\/p>\n<p>Kontaktdaten der Gesch\u00e4ftsf\u00fchrung<\/p>\n<ul>\n<li>Christian N\u00fc\u00dfler<\/li>\n<li>Friedrich-Wilhelm-Platz, 38100 Braunschweig<\/li>\n<li>Telefon: 0531 12040 200<\/li>\n<li>E-Mail: info@kreditservices-nord.de<\/li>\n<\/ul>\n<ul>\n<li style=\"list-style-type: none;\">\u00a0<\/li>\n<\/ul>\n<p><!-- \/wp:list-item --><\/p>\n<p><!-- \/wp:list --><\/p>\n<p><!-- wp:paragraph --><\/p>\n<p>Kontaktdaten des Datenschutzbeauftragten<\/p>\n<ul>\n<li>Jens Wegener-G\u00fcnther<\/li>\n<li>Friedrich-Wilhelm-Platz, 38100 Braunschweig<\/li>\n<li>Telefon: 0531 12040 200<\/li>\n<li>E-Mail: datenschutz@kreditservices-nord.de<\/li>\n<\/ul>\n<ul>\n<li style=\"list-style-type: none;\">\u00a0<\/li>\n<\/ul>\n<p><!-- \/wp:list-item --><\/p>\n<p><!-- \/wp:list --><\/p>\n<p><!-- wp:heading --><\/p>\n<h2>Zwecke und Erm\u00e4chtigungstatbest\u00e4nde der Datenverarbeitung<\/h2>\n<p><!-- \/wp:heading --><\/p>\n<p><!-- wp:paragraph --><\/p>\n<p>Die KreditServices Nord verarbeitet die ihr zur Verf\u00fcgung gestellten personenbezogenen Daten ausschlie\u00dflich zur Erf\u00fcllung der ihr \u00fcbertragenen T\u00e4tigkeiten. Bei der Verarbeitung von personenbezogenen Daten, die zur Erf\u00fcllung eines Vertrages, dessen Vertragspartei die betroffene Person ist, erforderlich ist, dient Art. 6 Abs. 1 lit. b DSGVO als Rechtsgrundlage. Dies gilt auch f\u00fcr Verarbeitungsvorg\u00e4nge, die zur Durchf\u00fchrung vorvertraglicher Ma\u00dfnahmen erforderlich sind. Soweit eine Verarbeitung personenbezogener Daten zur Erf\u00fcllung einer rechtlichen Verpflichtung erforderlich ist, der unser Unternehmen unterliegt, dient Art. 6 Abs. 1 lit. c DSGVO als Rechtsgrundlage. Soweit wir f\u00fcr Verarbeitungsvorg\u00e4nge personenbezogener Daten eine Einwilligung der betroffenen Person einholen, dient Art. 6 Abs. 1 lit. a DSGVO als Rechtsgrundlage. Ist die Verarbeitung zur Wahrung eines berechtigten Interesses unseres Unternehmens oder eines Dritten erforderlich und \u00fcberwiegen die Interessen, Grundrechte und Grundfreiheiten des Betroffenen das erstgenannte Interesse nicht, so dient Art. 6 Abs. 1 lit. f DSGVO als Rechtsgrundlage f\u00fcr die Verarbeitung.<\/p>\n<p><!-- \/wp:paragraph --><\/p>\n<p><!-- wp:heading --><\/p>\n<h2>Recht auf Auskunft, Berichtigung, L\u00f6schung und Einschr\u00e4nkung der Verarbeitung, Widerspruchsrecht<\/h2>\n<p><!-- \/wp:heading --><\/p>\n<p><!-- wp:paragraph --><\/p>\n<p>Betroffene Personen haben das Recht auf Auskunft (Art 15 DSGVO) der \u00fcber sie gespeicherten Daten, sowie das Recht auf Berichtigung (Art. 16 DSGVO), L\u00f6schung (Art. 17 DSGVO) und Einschr\u00e4nkung der Verarbeitung (Art. 18 DSGVO). Betroffene Personen haben das Recht, aus Gr\u00fcnden, die sich aus ihrer besonderen Situation ergeben, jederzeit gegen die Verarbeitung sie betreffender personenbezogener Daten Widerspruch einzulegen (Art. 21 DSGVO). Die vorgenannten Rechte k\u00f6nnen dem Verantwortlichen gegen\u00fcber geltend gemacht werden.<\/p>\n<p><!-- \/wp:paragraph --><\/p>\n<p><!-- wp:heading --><\/p>\n<h2>Verwendung automatisierter Einzelfallentscheidungen<\/h2>\n<p><!-- \/wp:heading --><\/p>\n<p><!-- wp:paragraph --><\/p>\n<p>Eine Verarbeitung f\u00fcr eine automatisierte Entscheidungsfindung im Sinne von Art. 4 Abs. 4 DSGVO (\u201eProfiling\u201c) findet nicht statt.<\/p>\n<p><!-- \/wp:paragraph --><\/p>\n<p><!-- wp:heading --><\/p>\n<h2>\u00dcbermittlung in Drittl\u00e4nder<\/h2>\n<p><!-- \/wp:heading --><\/p>\n<p><!-- wp:paragraph --><\/p>\n<p>Die Daten werden grunds\u00e4tzlich nicht in Drittstaaten (Staaten au\u00dferhalb des Europ\u00e4ischen Wirtschaftsraums \u2013 EWR) \u00fcbermittelt.<\/p>\n<p><!-- \/wp:paragraph --><\/p>\n<p><!-- wp:heading --><\/p>\n<h2>Recht auf Beschwerde bei einer Aufsichtsbeh\u00f6rde<\/h2>\n<p><!-- \/wp:heading --><\/p>\n<p><!-- wp:paragraph --><\/p>\n<p>Betroffene Personen haben im Zusammenhang mit der Verarbeitung ihrer personenbezogenen Daten ein Beschwerderecht bei der folgenden f\u00fcr unser Unternehmen in Bezug auf den Schutz personenbezogener Daten zust\u00e4ndigen Aufsichtsbeh\u00f6rde:<\/p>\n<ul>\n<li>Der Landesbeauftragte f\u00fcr den Datenschutz Niedersachsen<\/li>\n<li>Denis Lehmkemper<\/li>\n<li>Prinzenstra\u00dfe 5, 30159 Hannover<\/li>\n<li>Telefon: 0511 120 4500<\/li>\n<li>Telefax: 0511 120 4599<\/li>\n<li>E-Mail: poststelle@lfd.niedersachsen.de<\/li>\n<li>Internet: https:\/\/www.lfd.niedersachsen.de<\/li>\n<\/ul>\n<ul>\n<li style=\"list-style-type: none;\">\u00a0<\/li>\n<\/ul>\n<p><!-- \/wp:list-item --><\/p>\n<p><!-- \/wp:list --><\/p>\t\t\t\t\t\t\t\t<\/div>\n\t\t\t\t<\/div>\n\t\t\t\t\t<\/div>\n\t\t<\/div>\n\t\t\t\t\t<\/div>\n\t\t<\/section>\n\t\t\t\t<\/div>\n\t\t","protected":false},"excerpt":{"rendered":"<p>Datenschutzhinweis Wir freuen uns \u00fcber Ihr Interesse an der KreditServices Nord GmbH. Der Schutz Ihrer Privatsph\u00e4re ist uns ein wichtiges Anliegen. Im Folgenden informieren wir Sie \u00fcber den Umgang mit Ihren Daten auf dieser Website sowie \u00fcber grunds\u00e4tzliche Erkl\u00e4rungen zur Verarbeitung personenbezogener Daten. Um eventuellen Missbrauch der Website aufzudecken und zu unterbinden, speichert unser Web-Server<\/p><\/div>\n<div class=\"blog-btn\"><a href=\"https:\/\/kreditservices-nord.de\/kreditservices-nord-gmbh\/datenschutzerklaerung\/\" class=\"home-blog-btn\">Weiterlesen<\/a><\/p>\n","protected":false},"author":2,"featured_media":0,"parent":0,"menu_order":0,"comment_status":"closed","ping_status":"closed","template":"","meta":{"footnotes":""},"class_list":["post-7","page","type-page","status-publish","hentry"],"_links":{"self":[{"href":"https:\/\/kreditservices-nord.de\/kreditservices-nord-gmbh\/wp-json\/wp\/v2\/pages\/7","targetHints":{"allow":["GET"]}}],"collection":[{"href":"https:\/\/kreditservices-nord.de\/kreditservices-nord-gmbh\/wp-json\/wp\/v2\/pages"}],"about":[{"href":"https:\/\/kreditservices-nord.de\/kreditservices-nord-gmbh\/wp-json\/wp\/v2\/types\/page"}],"author":[{"embeddable":true,"href":"https:\/\/kreditservices-nord.de\/kreditservices-nord-gmbh\/wp-json\/wp\/v2\/users\/2"}],"replies":[{"embeddable":true,"href":"https:\/\/kreditservices-nord.de\/kreditservices-nord-gmbh\/wp-json\/wp\/v2\/comments?post=7"}],"version-history":[{"count":19,"href":"https:\/\/kreditservices-nord.de\/kreditservices-nord-gmbh\/wp-json\/wp\/v2\/pages\/7\/revisions"}],"predecessor-version":[{"id":303,"href":"https:\/\/kreditservices-nord.de\/kreditservices-nord-gmbh\/wp-json\/wp\/v2\/pages\/7\/revisions\/303"}],"wp:attachment":[{"href":"https:\/\/kreditservices-nord.de\/kreditservices-nord-gmbh\/wp-json\/wp\/v2\/media?parent=7"}],"curies":[{"name":"wp","href":"https:\/\/api.w.org\/{rel}","templated":true}]}}