{"id":13,"date":"2022-09-23T09:33:00","date_gmt":"2022-09-23T09:33:00","guid":{"rendered":"http:\/\/kreditservices-nord.de\/?page_id=13"},"modified":"2025-10-02T15:47:28","modified_gmt":"2025-10-02T13:47:28","slug":"impressum","status":"publish","type":"page","link":"https:\/\/kreditservices-nord.de\/kreditservices-nord-gmbh\/impressum\/","title":{"rendered":"Impressum"},"content":{"rendered":"\t\t<div data-elementor-type=\"wp-page\" data-elementor-id=\"13\" class=\"elementor elementor-13\">\n\t\t\t\t\t\t<section class=\"elementor-section elementor-top-section elementor-element elementor-element-75228046 elementor-section-boxed elementor-section-height-default elementor-section-height-default\" data-id=\"75228046\" data-element_type=\"section\" data-e-type=\"section\">\n\t\t\t\t\t\t<div class=\"elementor-container elementor-column-gap-default\">\n\t\t\t\t\t<div class=\"elementor-column elementor-col-100 elementor-top-column elementor-element elementor-element-1a5105f\" data-id=\"1a5105f\" data-element_type=\"column\" data-e-type=\"column\">\n\t\t\t<div class=\"elementor-widget-wrap elementor-element-populated\">\n\t\t\t\t\t\t<div class=\"elementor-element elementor-element-23db5d54 elementor-widget elementor-widget-text-editor\" data-id=\"23db5d54\" data-element_type=\"widget\" data-e-type=\"widget\" data-widget_type=\"text-editor.default\">\n\t\t\t\t<div class=\"elementor-widget-container\">\n\t\t\t\t\t\t\t\t\t<p><\/p>\n<p>Herausgeber:<br \/>KreditServices Nord GmbH<br \/>Friedrich-Wilhelm-Platz<br \/>38100 Braunschweig<\/p>\n<p><\/p>\n<p>Gesch\u00e4ftsf\u00fchrung: Christian N\u00fc\u00dfler<br \/>Handelsregister-Nr.: B 203074 beim Amtsgericht Braunschweig<br \/>Telefon: 0531 12040- 200<br \/>Fax: 0531 12040-999<br \/>E-Mail:\u00a0info@kreditservices-nord.de<\/p>\n<p><\/p>\n<p>USt-iDNr.: DE 273285101<\/p>\n<p><\/p>\n<p>Bildnutzung: Wir weisen darauf hin, dass die verwendeten Bilder im Internetauftritt der KreditServices Nord GmbH lizenzrechtlich gesch\u00fctzt sind. Nicht lizenzrechtlich gesch\u00fctzte Bilder kommen unter anderem von folgenden Portalen:\u00a0<a href=\"http:\/\/www.fotolia.com\/\">http:\/\/www.fotolia.com<\/a><\/p>\n<p><\/p>\t\t\t\t\t\t\t\t<\/div>\n\t\t\t\t<\/div>\n\t\t\t\t\t<\/div>\n\t\t<\/div>\n\t\t\t\t\t<\/div>\n\t\t<\/section>\n\t\t\t\t<\/div>\n\t\t","protected":false},"excerpt":{"rendered":"<p>Herausgeber:KreditServices Nord GmbHFriedrich-Wilhelm-Platz38100 Braunschweig Gesch\u00e4ftsf\u00fchrung: Christian N\u00fc\u00dflerHandelsregister-Nr.: B 203074 beim Amtsgericht BraunschweigTelefon: 0531 12040- 200Fax: 0531 12040-999E-Mail:\u00a0info@kreditservices-nord.de USt-iDNr.: DE 273285101 Bildnutzung: Wir weisen darauf hin, dass die verwendeten Bilder im Internetauftritt der KreditServices Nord GmbH lizenzrechtlich gesch\u00fctzt sind. Nicht lizenzrechtlich gesch\u00fctzte Bilder kommen unter anderem von folgenden Portalen:\u00a0http:\/\/www.fotolia.com<\/p>\n","protected":false},"author":2,"featured_media":0,"parent":0,"menu_order":0,"comment_status":"closed","ping_status":"closed","template":"","meta":{"footnotes":""},"class_list":["post-13","page","type-page","status-publish","hentry"],"_links":{"self":[{"href":"https:\/\/kreditservices-nord.de\/kreditservices-nord-gmbh\/wp-json\/wp\/v2\/pages\/13","targetHints":{"allow":["GET"]}}],"collection":[{"href":"https:\/\/kreditservices-nord.de\/kreditservices-nord-gmbh\/wp-json\/wp\/v2\/pages"}],"about":[{"href":"https:\/\/kreditservices-nord.de\/kreditservices-nord-gmbh\/wp-json\/wp\/v2\/types\/page"}],"author":[{"embeddable":true,"href":"https:\/\/kreditservices-nord.de\/kreditservices-nord-gmbh\/wp-json\/wp\/v2\/users\/2"}],"replies":[{"embeddable":true,"href":"https:\/\/kreditservices-nord.de\/kreditservices-nord-gmbh\/wp-json\/wp\/v2\/comments?post=13"}],"version-history":[{"count":6,"href":"https:\/\/kreditservices-nord.de\/kreditservices-nord-gmbh\/wp-json\/wp\/v2\/pages\/13\/revisions"}],"predecessor-version":[{"id":299,"href":"https:\/\/kreditservices-nord.de\/kreditservices-nord-gmbh\/wp-json\/wp\/v2\/pages\/13\/revisions\/299"}],"wp:attachment":[{"href":"https:\/\/kreditservices-nord.de\/kreditservices-nord-gmbh\/wp-json\/wp\/v2\/media?parent=13"}],"curies":[{"name":"wp","href":"https:\/\/api.w.org\/{rel}","templated":true}]}}